{"id":2,"date":"2022-09-29T23:58:17","date_gmt":"2022-09-29T21:58:17","guid":{"rendered":"http:\/\/moonchild.carnivaloftime.com\/?page_id=2"},"modified":"2023-02-11T12:18:46","modified_gmt":"2023-02-11T11:18:46","slug":"presentation","status":"publish","type":"page","link":"https:\/\/carnivaloftime.com\/","title":{"rendered":"Pr\u00e9sentation"},"content":{"rendered":"\n<h4 class=\"wp-block-heading\">Carnival of Time, c&rsquo;est quoi ?<\/h4>\n\n\n\n<p>C&rsquo;est un <strong>jeu de r\u00f4le papier fran\u00e7ais et gratuit<\/strong> qui vous propose de revisiter la l\u00e9gende de <em>Zelda : Majora&rsquo;s Mask<\/em> entre amis, autour d&rsquo;une table et de quelques d\u00e9s.<\/p>\n\n\n\n<p>Toutes les ressources pdf associ\u00e9es sont disponibles en t\u00e9l\u00e9chargement ici-m\u00eame :<\/p>\n\n\n\n<ul class=\"wp-block-list\">\n<li>Les r\u00e8gles : <a rel=\"noreferrer noopener\" href=\"https:\/\/upload.carnivaloftime.com\/RulesOfWisdom.pdf\" target=\"_blank\">Rules of Wisdom<\/a><\/li>\n\n\n\n<li>L&rsquo;histoire : <a href=\"http:\/\/upload.carnivaloftime.com\/TalesOfCourage.pdf\" data-type=\"URL\" data-id=\"upload.carnivaloftime.com\/TalesOfCourage.pdf\">Tales o<\/a><a href=\"https:\/\/upload.carnivaloftime.com\/TalesOfCourage.pdf\" data-type=\"URL\" data-id=\"upload.carnivaloftime.com\/TalesOfCourage.pdf\">f Courage<\/a><\/li>\n\n\n\n<li>La campagne : <em>Games of Power<\/em> (\u00e0 venir)<\/li>\n<\/ul>\n\n\n\n<ul class=\"wp-block-list\">\n<li><a href=\"https:\/\/upload.carnivaloftime.com\/CharacterSheets.pdf\" target=\"_blank\" rel=\"noreferrer noopener\">Fiches de personnage \u00e0 imprimer<\/a><\/li>\n\n\n\n<li><a href=\"https:\/\/docs.google.com\/spreadsheets\/d\/1Z9VXzd_FffE8k1DLQx3adY9P6du4n1zXK6ujak9N4mk\/edit?usp=share_link\" target=\"_blank\" rel=\"noreferrer noopener\">Fiche de personnage en ligne<\/a><\/li>\n<\/ul>\n\n\n\n<h4 class=\"wp-block-heading\">Zelda Majora&rsquo;s Mask<\/h4>\n\n\n\n<p>Il s&rsquo;agit d&rsquo;un jeu vid\u00e9o sorti en 2000 sur <em>Nintendo 64<\/em>, qui a inspir\u00e9 toute une communaut\u00e9 de fans \u00e0 travailler sur des hommages plut\u00f4t ambitieux, allant de l&rsquo;histoire d&rsquo;horreur \u00e0 l&rsquo;op\u00e9ra, en passant par des court-m\u00e9trages et autres albums. <\/p>\n\n\n\n<p>Mais pas d&rsquo;inqui\u00e9tude : vous pouvez jouer \u00e0 <em>Carnival Of Time <\/em>sans conna\u00eetre <em>Majora&rsquo;s Mask<\/em>. C&rsquo;est non seulement attendu, mais presque conseill\u00e9.<\/p>\n\n\n\n<h4 class=\"wp-block-heading\">Quel est l&rsquo;avancement ?<\/h4>\n\n\n\n<p>En terme de mise au propre et de publication, le projet en est \u00e0 ses balbutiements.<br><strong>Ne comptez pas sur tout le contenu annonc\u00e9 avant 2025<\/strong>.<\/p>\n\n\n\n<p>En termes de design, d&rsquo;outils et de tests, en revanche, tout est fini.<br>La campagne a \u00e9t\u00e9 \u00e9prouv\u00e9e et am\u00e9lior\u00e9e sur plus d&rsquo;une vingtaine d&rsquo;it\u00e9rations durant 7 ann\u00e9es, et les outils de r\u00e9daction de manuel, et de gestion du jeu \u00e0 distance sont l\u00e0. <\/p>\n\n\n\n<h4 class=\"wp-block-heading\">Comment soutenir le projet ?<\/h4>\n\n\n\n<p>Je n&rsquo;accepte ni donation, ni aide sur la production des ressources. Donc votre seul biais pour soutenir le projet, c&rsquo;est d&rsquo;en parler autour de vous. Faites tourner le lien du site, et donnez-moi la motivation d&rsquo;aller jusqu&rsquo;au bout.<\/p>\n\n\n\n<h4 class=\"wp-block-heading\">Quels moyens de contact ?<\/h4>\n\n\n\n<p>Vous pouvez m&rsquo;envoyer un message gr\u00e2ce au formulaire accessible depuis cette <a href=\"https:\/\/carnivaloftime.com\/index.php\/contact\/\">page<\/a>, ou bien rejoindre la communaut\u00e9 du <a href=\"https:\/\/discord.gg\/Srkw8YNdqQ\">Discord officiel du projet<\/a>.<\/p>\n","protected":false},"excerpt":{"rendered":"<p>Carnival of Time, c&rsquo;est quoi ? C&rsquo;est un jeu de r\u00f4le papier fran\u00e7ais et gratuit qui vous propose de revisiter la l\u00e9gende de Zelda : Majora&rsquo;s Mask entre amis, autour d&rsquo;une table et de quelques d\u00e9s. Toutes les ressources pdf associ\u00e9es sont disponibles en t\u00e9l\u00e9chargement ici-m\u00eame : Zelda Majora&rsquo;s Mask Il s&rsquo;agit d&rsquo;un jeu vid\u00e9o sorti en 2000 sur Nintendo 64, qui a inspir\u00e9 toute une communaut\u00e9 de fans \u00e0 travailler sur des hommages plut\u00f4t ambitieux, allant de l&rsquo;histoire d&rsquo;horreur \u00e0 l&rsquo;op\u00e9ra, en passant par des court-m\u00e9trages et autres albums. Mais pas d&rsquo;inqui\u00e9tude : vous pouvez jouer \u00e0 Carnival Of Time sans conna\u00eetre Majora&rsquo;s Mask. C&rsquo;est non seulement attendu, mais presque conseill\u00e9. Quel est l&rsquo;avancement ? En terme de mise au propre et de publication, le projet en est \u00e0 ses balbutiements.Ne comptez pas sur tout le contenu annonc\u00e9 avant 2025. En termes de design, d&rsquo;outils et de tests, en revanche, tout est fini.La campagne a \u00e9t\u00e9 \u00e9prouv\u00e9e et am\u00e9lior\u00e9e sur plus d&rsquo;une vingtaine d&rsquo;it\u00e9rations durant 7 ann\u00e9es, et les outils de r\u00e9daction de manuel, et de gestion du jeu \u00e0 distance sont l\u00e0. Comment soutenir le projet ? Je n&rsquo;accepte ni donation, ni aide sur la production des ressources. Donc votre seul biais pour soutenir le projet, c&rsquo;est d&rsquo;en parler autour de vous. Faites tourner le lien du site, et donnez-moi la motivation d&rsquo;aller jusqu&rsquo;au bout. Quels moyens de contact ? Vous pouvez m&rsquo;envoyer un message gr\u00e2ce au formulaire accessible depuis cette page, ou bien rejoindre la communaut\u00e9 du Discord officiel du projet.<\/p>\n","protected":false},"author":1,"featured_media":0,"parent":0,"menu_order":0,"comment_status":"closed","ping_status":"closed","template":"","meta":{"footnotes":""},"class_list":["post-2","page","type-page","status-publish","hentry"],"_links":{"self":[{"href":"https:\/\/carnivaloftime.com\/index.php\/wp-json\/wp\/v2\/pages\/2","targetHints":{"allow":["GET"]}}],"collection":[{"href":"https:\/\/carnivaloftime.com\/index.php\/wp-json\/wp\/v2\/pages"}],"about":[{"href":"https:\/\/carnivaloftime.com\/index.php\/wp-json\/wp\/v2\/types\/page"}],"author":[{"embeddable":true,"href":"https:\/\/carnivaloftime.com\/index.php\/wp-json\/wp\/v2\/users\/1"}],"replies":[{"embeddable":true,"href":"https:\/\/carnivaloftime.com\/index.php\/wp-json\/wp\/v2\/comments?post=2"}],"version-history":[{"count":3,"href":"https:\/\/carnivaloftime.com\/index.php\/wp-json\/wp\/v2\/pages\/2\/revisions"}],"predecessor-version":[{"id":4415,"href":"https:\/\/carnivaloftime.com\/index.php\/wp-json\/wp\/v2\/pages\/2\/revisions\/4415"}],"wp:attachment":[{"href":"https:\/\/carnivaloftime.com\/index.php\/wp-json\/wp\/v2\/media?parent=2"}],"curies":[{"name":"wp","href":"https:\/\/api.w.org\/{rel}","templated":true}]}}